{"id":143,"date":"2024-08-30T20:24:00","date_gmt":"2024-08-30T18:24:00","guid":{"rendered":"https:\/\/coloquinte.org\/raoul\/?page_id=143"},"modified":"2025-03-04T16:46:54","modified_gmt":"2025-03-04T15:46:54","slug":"infos-orgas","status":"publish","type":"page","link":"https:\/\/coloquinte.org\/raoul\/infos-orgas\/","title":{"rendered":"Infos Orgas"},"content":{"rendered":"\n<h2 class=\"wp-block-heading\">Avant tout !<\/h2>\n\n\n\n<p>Il existe un fort d\u00e9s\u00e9quilibre paritaire sur sc\u00e8ne, alors avant de me programmer, essaie de faire jouer une femme, il y en a beaucoup de bien meilleures que moi. Quand la sc\u00e8ne sera compl\u00e8tement d\u00e9genr\u00e9e, ce texte n&rsquo;aura plus lieu d&rsquo;\u00eatre.<\/p>\n\n\n\n<p>Avant de me faire jouer, \u00e9coute mes chansons, je ne tiens pas \u00e0 \u00eatre envoy\u00e9 \u00e0 l&rsquo;abattoir devant un public hostile. Tu es responsable de ce que tu programmes, alors face \u00e0 l&rsquo;adversit\u00e9, tu te dois de d\u00e9fendre tes choix artistiques, merci.<\/p>\n\n\n\n<h2 class=\"wp-block-heading\">Le prix !<\/h2>\n\n\n\n<p>Je joue \u00e0 prix libre &amp; conscient, ce qui ne veut pas dire que je ne veux pas de sous, mais que je m&rsquo;adapte au budget de l&rsquo;organisateur\/ice et \u00e0 la r\u00e9ussite de la soir\u00e9e. <\/p>\n\n\n\n<p>Je suis pour un syst\u00e8me \u00e9galitaire et compte sur l&rsquo;orga pour \u00e9quilibrer de mani\u00e8re honn\u00eate et justifi\u00e9e les r\u00e9mun\u00e9rations entre les acteurs de la soir\u00e9e, techniciens, artistes ou autre.<\/p>\n\n\n\n<p>Il est \u00e9vident que les frais de route doivent \u00e0 minima \u00eatre couverts pour un aller retour depuis Marcellaz 74250.<\/p>\n\n\n\n<p>Sois juste et tu aura toute ma consid\u00e9ration, les injustices me font vomir, sinon je ne chanterai pas ce que je chante.<\/p>\n\n\n\n<h2 class=\"wp-block-heading\">Les visuels ! <\/h2>\n\n\n\n<p>cliquer pour t\u00e9l\u00e9charger en HD<\/p>\n\n\n\n<div class=\"wp-block-columns is-layout-flex wp-container-core-columns-is-layout-28f84493 wp-block-columns-is-layout-flex\">\n<div class=\"wp-block-column is-layout-flow wp-block-column-is-layout-flow\">\n<figure class=\"wp-block-image size-full\"><a href=\"https:\/\/coloquinte.org\/docs_raoul\/W_base_noire_HD.pdf\" target=\"_blank\" rel=\" noreferrer noopener\"><img loading=\"lazy\" decoding=\"async\" width=\"464\" height=\"489\" src=\"https:\/\/coloquinte.org\/raoul\/wp-content\/uploads\/sites\/14\/2024\/04\/doubleve02.png\" alt=\"\" class=\"wp-image-14\" srcset=\"https:\/\/coloquinte.org\/raoul\/wp-content\/uploads\/sites\/14\/2024\/04\/doubleve02.png 464w, https:\/\/coloquinte.org\/raoul\/wp-content\/uploads\/sites\/14\/2024\/04\/doubleve02-285x300.png 285w\" sizes=\"auto, (max-width: 464px) 100vw, 464px\" \/><\/a><\/figure>\n<\/div>\n\n\n\n<div class=\"wp-block-column is-layout-flow wp-block-column-is-layout-flow\">\n<figure class=\"wp-block-image size-full\"><a href=\"https:\/\/coloquinte.org\/docs_raoul\/W-Etoile.pdf\" target=\"_blank\" rel=\" noreferrer noopener\"><img loading=\"lazy\" decoding=\"async\" width=\"600\" height=\"600\" src=\"https:\/\/coloquinte.org\/raoul\/wp-content\/uploads\/sites\/14\/2024\/11\/W-Etoile600.png\" alt=\"\" class=\"wp-image-188\" srcset=\"https:\/\/coloquinte.org\/raoul\/wp-content\/uploads\/sites\/14\/2024\/11\/W-Etoile600.png 600w, https:\/\/coloquinte.org\/raoul\/wp-content\/uploads\/sites\/14\/2024\/11\/W-Etoile600-300x300.png 300w, https:\/\/coloquinte.org\/raoul\/wp-content\/uploads\/sites\/14\/2024\/11\/W-Etoile600-150x150.png 150w\" sizes=\"auto, (max-width: 600px) 100vw, 600px\" \/><\/a><\/figure>\n<\/div>\n\n\n\n<div class=\"wp-block-column is-layout-flow wp-block-column-is-layout-flow\">\n<figure class=\"wp-block-image size-full\"><a href=\"https:\/\/coloquinte.org\/docs_raoul\/W_base_blanche_HD.pdf\" target=\"_blank\" rel=\" noreferrer noopener\"><img loading=\"lazy\" decoding=\"async\" width=\"464\" height=\"489\" src=\"https:\/\/coloquinte.org\/raoul\/wp-content\/uploads\/sites\/14\/2024\/04\/doubleve01blanc.png\" alt=\"\" class=\"wp-image-16\" srcset=\"https:\/\/coloquinte.org\/raoul\/wp-content\/uploads\/sites\/14\/2024\/04\/doubleve01blanc.png 464w, https:\/\/coloquinte.org\/raoul\/wp-content\/uploads\/sites\/14\/2024\/04\/doubleve01blanc-285x300.png 285w\" sizes=\"auto, (max-width: 464px) 100vw, 464px\" \/><\/a><\/figure>\n<\/div>\n<\/div>\n\n\n\n<div class=\"wp-block-group has-global-padding is-layout-constrained wp-block-group-is-layout-constrained\">\n<p><\/p>\n\n\n\n<h2 class=\"wp-block-heading\">Fiche technique \/ Plan de sc\u00e8ne<\/h2>\n<\/div>\n\n\n\n<div class=\"wp-block-columns is-layout-flex wp-container-core-columns-is-layout-28f84493 wp-block-columns-is-layout-flex\">\n<div class=\"wp-block-column is-layout-flow wp-block-column-is-layout-flow\" style=\"flex-basis:100%\">\n<details class=\"wp-block-details alignfull is-layout-flow wp-block-details-is-layout-flow\"><summary>Visualiser la fiche tech<\/summary><a href=\"https:\/\/coloquinte.org\/raoul\/wp-content\/uploads\/sites\/14\/2024\/11\/FicheTechRaoulW2B.pdf\" class=\"pdfemb-viewer\" style=\"\" data-width=\"max\" data-height=\"max\" data-toolbar=\"bottom\" data-toolbar-fixed=\"off\">FicheTechRaoulW2B<\/a><\/details>\n<\/div>\n<\/div>\n\n\n\n<p>-&gt; <a href=\"https:\/\/coloquinte.org\/raoul\/wp-content\/uploads\/sites\/14\/2024\/11\/FicheTechRaoulW2B.pdf\" target=\"_blank\" rel=\"noreferrer noopener\">ou t\u00e9l\u00e9charger ici<\/a><\/p>\n\n\n\n<p><\/p>\n\n\n\n<h2 class=\"wp-block-heading\">Quelques Photos \u00e0 t\u00e9l\u00e9charger :<\/h2>\n\n\n\n<div class=\"wp-block-jetpack-tiled-gallery aligncenter is-style-rectangular\"><div class=\"\"><div class=\"tiled-gallery__gallery\"><div class=\"tiled-gallery__row\"><div class=\"tiled-gallery__col\" style=\"flex-basis:42.54929%\"><figure class=\"tiled-gallery__item\"><img decoding=\"async\" srcset=\"https:\/\/i0.wp.com\/coloquinte.org\/raoul\/wp-content\/uploads\/sites\/14\/2025\/03\/20250228_Winterock_08-1024x684.jpg?strip=info&#038;w=600&#038;ssl=1 600w,https:\/\/i0.wp.com\/coloquinte.org\/raoul\/wp-content\/uploads\/sites\/14\/2025\/03\/20250228_Winterock_08-1024x684.jpg?strip=info&#038;w=900&#038;ssl=1 900w,https:\/\/i0.wp.com\/coloquinte.org\/raoul\/wp-content\/uploads\/sites\/14\/2025\/03\/20250228_Winterock_08-1024x684.jpg?strip=info&#038;w=1200&#038;ssl=1 1200w,https:\/\/i0.wp.com\/coloquinte.org\/raoul\/wp-content\/uploads\/sites\/14\/2025\/03\/20250228_Winterock_08-1024x684.jpg?strip=info&#038;w=1500&#038;ssl=1 1500w,https:\/\/i0.wp.com\/coloquinte.org\/raoul\/wp-content\/uploads\/sites\/14\/2025\/03\/20250228_Winterock_08-1024x684.jpg?strip=info&#038;w=1800&#038;ssl=1 1800w,https:\/\/i0.wp.com\/coloquinte.org\/raoul\/wp-content\/uploads\/sites\/14\/2025\/03\/20250228_Winterock_08-1024x684.jpg?strip=info&#038;w=2000&#038;ssl=1 2000w\" alt=\"\" data-height=\"1367\" data-id=\"289\" data-link=\"https:\/\/coloquinte.org\/raoul\/infos-orgas\/20250228_winterock_08\/\" data-url=\"https:\/\/coloquinte.org\/raoul\/wp-content\/uploads\/sites\/14\/2025\/03\/20250228_Winterock_08-1024x684.jpg\" data-width=\"2048\" src=\"https:\/\/i0.wp.com\/coloquinte.org\/raoul\/wp-content\/uploads\/sites\/14\/2025\/03\/20250228_Winterock_08-1024x684.jpg?ssl=1\" data-amp-layout=\"responsive\" tabindex=\"0\" role=\"button\" aria-label=\"Ouvrir l\u2019image 1 sur 10 en plein \u00e9cran\"\/><\/figure><figure class=\"tiled-gallery__item\"><img decoding=\"async\" srcset=\"https:\/\/i0.wp.com\/coloquinte.org\/raoul\/wp-content\/uploads\/sites\/14\/2024\/04\/427987593_6648369731931885_2210664104124444605_n-1024x682.jpg?strip=info&#038;w=600&#038;ssl=1 600w,https:\/\/i0.wp.com\/coloquinte.org\/raoul\/wp-content\/uploads\/sites\/14\/2024\/04\/427987593_6648369731931885_2210664104124444605_n-1024x682.jpg?strip=info&#038;w=900&#038;ssl=1 900w,https:\/\/i0.wp.com\/coloquinte.org\/raoul\/wp-content\/uploads\/sites\/14\/2024\/04\/427987593_6648369731931885_2210664104124444605_n-1024x682.jpg?strip=info&#038;w=1200&#038;ssl=1 1200w,https:\/\/i0.wp.com\/coloquinte.org\/raoul\/wp-content\/uploads\/sites\/14\/2024\/04\/427987593_6648369731931885_2210664104124444605_n-1024x682.jpg?strip=info&#038;w=1475&#038;ssl=1 1475w\" alt=\"rw\u00b2b live\" data-height=\"983\" data-id=\"50\" data-link=\"https:\/\/coloquinte.org\/raoul\/?attachment_id=50\" data-url=\"https:\/\/coloquinte.org\/raoul\/wp-content\/uploads\/sites\/14\/2024\/04\/427987593_6648369731931885_2210664104124444605_n-1024x682.jpg\" data-width=\"1475\" src=\"https:\/\/i0.wp.com\/coloquinte.org\/raoul\/wp-content\/uploads\/sites\/14\/2024\/04\/427987593_6648369731931885_2210664104124444605_n-1024x682.jpg?ssl=1\" data-amp-layout=\"responsive\" tabindex=\"0\" role=\"button\" aria-label=\"Ouvrir l\u2019image 2 sur 10 en plein \u00e9cran\"\/><\/figure><figure class=\"tiled-gallery__item\"><img decoding=\"async\" srcset=\"https:\/\/i0.wp.com\/coloquinte.org\/raoul\/wp-content\/uploads\/sites\/14\/2024\/04\/@nivu.pics_Raoul_La-Gavotte-8830-1024x682.jpg?strip=info&#038;w=600&#038;ssl=1 600w,https:\/\/i0.wp.com\/coloquinte.org\/raoul\/wp-content\/uploads\/sites\/14\/2024\/04\/@nivu.pics_Raoul_La-Gavotte-8830-1024x682.jpg?strip=info&#038;w=900&#038;ssl=1 900w,https:\/\/i0.wp.com\/coloquinte.org\/raoul\/wp-content\/uploads\/sites\/14\/2024\/04\/@nivu.pics_Raoul_La-Gavotte-8830-1024x682.jpg?strip=info&#038;w=1200&#038;ssl=1 1200w,https:\/\/i0.wp.com\/coloquinte.org\/raoul\/wp-content\/uploads\/sites\/14\/2024\/04\/@nivu.pics_Raoul_La-Gavotte-8830-1024x682.jpg?strip=info&#038;w=1475&#038;ssl=1 1475w\" alt=\"rw\u00b2b live\" data-height=\"983\" data-id=\"48\" data-link=\"https:\/\/coloquinte.org\/raoul\/?attachment_id=48\" data-url=\"https:\/\/coloquinte.org\/raoul\/wp-content\/uploads\/sites\/14\/2024\/04\/@nivu.pics_Raoul_La-Gavotte-8830-1024x682.jpg\" data-width=\"1475\" src=\"https:\/\/i0.wp.com\/coloquinte.org\/raoul\/wp-content\/uploads\/sites\/14\/2024\/04\/@nivu.pics_Raoul_La-Gavotte-8830-1024x682.jpg?ssl=1\" data-amp-layout=\"responsive\" tabindex=\"0\" role=\"button\" aria-label=\"Ouvrir l\u2019image 3 sur 10 en plein \u00e9cran\"\/><\/figure><\/div><div class=\"tiled-gallery__col\" style=\"flex-basis:57.45071%\"><figure class=\"tiled-gallery__item\"><img decoding=\"async\" srcset=\"https:\/\/i0.wp.com\/coloquinte.org\/raoul\/wp-content\/uploads\/sites\/14\/2024\/04\/auCabaretCrockMort-683x1024.jpg?strip=info&#038;w=600&#038;ssl=1 600w,https:\/\/i0.wp.com\/coloquinte.org\/raoul\/wp-content\/uploads\/sites\/14\/2024\/04\/auCabaretCrockMort-683x1024.jpg?strip=info&#038;w=900&#038;ssl=1 900w,https:\/\/i0.wp.com\/coloquinte.org\/raoul\/wp-content\/uploads\/sites\/14\/2024\/04\/auCabaretCrockMort-683x1024.jpg?strip=info&#038;w=1000&#038;ssl=1 1000w\" alt=\"rw\u00b2b live\" data-height=\"1500\" data-id=\"40\" data-link=\"https:\/\/coloquinte.org\/raoul\/?attachment_id=40\" data-url=\"https:\/\/coloquinte.org\/raoul\/wp-content\/uploads\/sites\/14\/2024\/04\/auCabaretCrockMort-683x1024.jpg\" data-width=\"1000\" src=\"https:\/\/i0.wp.com\/coloquinte.org\/raoul\/wp-content\/uploads\/sites\/14\/2024\/04\/auCabaretCrockMort-683x1024.jpg?ssl=1\" data-amp-layout=\"responsive\" tabindex=\"0\" role=\"button\" aria-label=\"Ouvrir l\u2019image 4 sur 10 en plein \u00e9cran\"\/><\/figure><\/div><\/div><div class=\"tiled-gallery__row\"><div class=\"tiled-gallery__col\" style=\"flex-basis:60.31114%\"><figure class=\"tiled-gallery__item\"><img decoding=\"async\" srcset=\"https:\/\/i0.wp.com\/coloquinte.org\/raoul\/wp-content\/uploads\/sites\/14\/2024\/04\/336761242_543245554598933_5212956976416064243_n-768x1024.jpg?strip=info&#038;w=600&#038;ssl=1 600w,https:\/\/i0.wp.com\/coloquinte.org\/raoul\/wp-content\/uploads\/sites\/14\/2024\/04\/336761242_543245554598933_5212956976416064243_n-768x1024.jpg?strip=info&#038;w=900&#038;ssl=1 900w,https:\/\/i0.wp.com\/coloquinte.org\/raoul\/wp-content\/uploads\/sites\/14\/2024\/04\/336761242_543245554598933_5212956976416064243_n-768x1024.jpg?strip=info&#038;w=1200&#038;ssl=1 1200w,https:\/\/i0.wp.com\/coloquinte.org\/raoul\/wp-content\/uploads\/sites\/14\/2024\/04\/336761242_543245554598933_5212956976416064243_n-768x1024.jpg?strip=info&#038;w=1500&#038;ssl=1 1500w,https:\/\/i0.wp.com\/coloquinte.org\/raoul\/wp-content\/uploads\/sites\/14\/2024\/04\/336761242_543245554598933_5212956976416064243_n-768x1024.jpg?strip=info&#038;w=1536&#038;ssl=1 1536w\" alt=\"rw\u00b2b live\" data-height=\"2048\" data-id=\"42\" data-link=\"https:\/\/coloquinte.org\/raoul\/?attachment_id=42\" data-url=\"https:\/\/coloquinte.org\/raoul\/wp-content\/uploads\/sites\/14\/2024\/04\/336761242_543245554598933_5212956976416064243_n-768x1024.jpg\" data-width=\"1536\" src=\"https:\/\/i0.wp.com\/coloquinte.org\/raoul\/wp-content\/uploads\/sites\/14\/2024\/04\/336761242_543245554598933_5212956976416064243_n-768x1024.jpg?ssl=1\" data-amp-layout=\"responsive\" tabindex=\"0\" role=\"button\" aria-label=\"Ouvrir l\u2019image 5 sur 10 en plein \u00e9cran\"\/><\/figure><\/div><div class=\"tiled-gallery__col\" style=\"flex-basis:39.68886%\"><figure class=\"tiled-gallery__item\"><img decoding=\"async\" srcset=\"https:\/\/i0.wp.com\/coloquinte.org\/raoul\/wp-content\/uploads\/sites\/14\/2025\/03\/20250228_Winterock_02-1024x684.jpg?strip=info&#038;w=600&#038;ssl=1 600w,https:\/\/i0.wp.com\/coloquinte.org\/raoul\/wp-content\/uploads\/sites\/14\/2025\/03\/20250228_Winterock_02-1024x684.jpg?strip=info&#038;w=900&#038;ssl=1 900w,https:\/\/i0.wp.com\/coloquinte.org\/raoul\/wp-content\/uploads\/sites\/14\/2025\/03\/20250228_Winterock_02-1024x684.jpg?strip=info&#038;w=1200&#038;ssl=1 1200w,https:\/\/i0.wp.com\/coloquinte.org\/raoul\/wp-content\/uploads\/sites\/14\/2025\/03\/20250228_Winterock_02-1024x684.jpg?strip=info&#038;w=1500&#038;ssl=1 1500w,https:\/\/i0.wp.com\/coloquinte.org\/raoul\/wp-content\/uploads\/sites\/14\/2025\/03\/20250228_Winterock_02-1024x684.jpg?strip=info&#038;w=1800&#038;ssl=1 1800w,https:\/\/i0.wp.com\/coloquinte.org\/raoul\/wp-content\/uploads\/sites\/14\/2025\/03\/20250228_Winterock_02-1024x684.jpg?strip=info&#038;w=2000&#038;ssl=1 2000w\" alt=\"rw\u00b2b live\" data-height=\"1367\" data-id=\"288\" data-link=\"https:\/\/coloquinte.org\/raoul\/infos-orgas\/20250228_winterock_02\/\" data-url=\"https:\/\/coloquinte.org\/raoul\/wp-content\/uploads\/sites\/14\/2025\/03\/20250228_Winterock_02-1024x684.jpg\" data-width=\"2048\" src=\"https:\/\/i0.wp.com\/coloquinte.org\/raoul\/wp-content\/uploads\/sites\/14\/2025\/03\/20250228_Winterock_02-1024x684.jpg?ssl=1\" data-amp-layout=\"responsive\" tabindex=\"0\" role=\"button\" aria-label=\"Ouvrir l\u2019image 6 sur 10 en plein \u00e9cran\"\/><\/figure><figure class=\"tiled-gallery__item\"><img decoding=\"async\" srcset=\"https:\/\/i0.wp.com\/coloquinte.org\/raoul\/wp-content\/uploads\/sites\/14\/2024\/04\/tofOlive03-1024x683.jpg?strip=info&#038;w=600&#038;ssl=1 600w,https:\/\/i0.wp.com\/coloquinte.org\/raoul\/wp-content\/uploads\/sites\/14\/2024\/04\/tofOlive03-1024x683.jpg?strip=info&#038;w=900&#038;ssl=1 900w,https:\/\/i0.wp.com\/coloquinte.org\/raoul\/wp-content\/uploads\/sites\/14\/2024\/04\/tofOlive03-1024x683.jpg?strip=info&#038;w=1200&#038;ssl=1 1200w\" alt=\"rw\u00b2b live\" data-height=\"800\" data-id=\"47\" data-link=\"https:\/\/coloquinte.org\/raoul\/?attachment_id=47\" data-url=\"https:\/\/coloquinte.org\/raoul\/wp-content\/uploads\/sites\/14\/2024\/04\/tofOlive03-1024x683.jpg\" data-width=\"1200\" src=\"https:\/\/i0.wp.com\/coloquinte.org\/raoul\/wp-content\/uploads\/sites\/14\/2024\/04\/tofOlive03-1024x683.jpg?ssl=1\" data-amp-layout=\"responsive\" tabindex=\"0\" role=\"button\" aria-label=\"Ouvrir l\u2019image 7 sur 10 en plein \u00e9cran\"\/><\/figure><figure class=\"tiled-gallery__item\"><img decoding=\"async\" srcset=\"https:\/\/i0.wp.com\/coloquinte.org\/raoul\/wp-content\/uploads\/sites\/14\/2025\/03\/20250228_Winterock_06-1024x684.jpg?strip=info&#038;w=600&#038;ssl=1 600w,https:\/\/i0.wp.com\/coloquinte.org\/raoul\/wp-content\/uploads\/sites\/14\/2025\/03\/20250228_Winterock_06-1024x684.jpg?strip=info&#038;w=900&#038;ssl=1 900w,https:\/\/i0.wp.com\/coloquinte.org\/raoul\/wp-content\/uploads\/sites\/14\/2025\/03\/20250228_Winterock_06-1024x684.jpg?strip=info&#038;w=1200&#038;ssl=1 1200w,https:\/\/i0.wp.com\/coloquinte.org\/raoul\/wp-content\/uploads\/sites\/14\/2025\/03\/20250228_Winterock_06-1024x684.jpg?strip=info&#038;w=1500&#038;ssl=1 1500w,https:\/\/i0.wp.com\/coloquinte.org\/raoul\/wp-content\/uploads\/sites\/14\/2025\/03\/20250228_Winterock_06-1024x684.jpg?strip=info&#038;w=1800&#038;ssl=1 1800w,https:\/\/i0.wp.com\/coloquinte.org\/raoul\/wp-content\/uploads\/sites\/14\/2025\/03\/20250228_Winterock_06-1024x684.jpg?strip=info&#038;w=2000&#038;ssl=1 2000w\" alt=\"rw\u00b2b live\" data-height=\"1367\" data-id=\"284\" data-link=\"https:\/\/coloquinte.org\/raoul\/infos-orgas\/20250228_winterock_06\/\" data-url=\"https:\/\/coloquinte.org\/raoul\/wp-content\/uploads\/sites\/14\/2025\/03\/20250228_Winterock_06-1024x684.jpg\" data-width=\"2048\" src=\"https:\/\/i0.wp.com\/coloquinte.org\/raoul\/wp-content\/uploads\/sites\/14\/2025\/03\/20250228_Winterock_06-1024x684.jpg?ssl=1\" data-amp-layout=\"responsive\" tabindex=\"0\" role=\"button\" aria-label=\"Ouvrir l\u2019image 8 sur 10 en plein \u00e9cran\"\/><\/figure><\/div><\/div><div class=\"tiled-gallery__row\"><div class=\"tiled-gallery__col\" style=\"flex-basis:30.86360%\"><figure class=\"tiled-gallery__item\"><img decoding=\"async\" srcset=\"https:\/\/i0.wp.com\/coloquinte.org\/raoul\/wp-content\/uploads\/sites\/14\/2024\/04\/olive-1-683x1024.jpg?strip=info&#038;w=600&#038;ssl=1 600w,https:\/\/i0.wp.com\/coloquinte.org\/raoul\/wp-content\/uploads\/sites\/14\/2024\/04\/olive-1-683x1024.jpg?strip=info&#038;w=900&#038;ssl=1 900w,https:\/\/i0.wp.com\/coloquinte.org\/raoul\/wp-content\/uploads\/sites\/14\/2024\/04\/olive-1-683x1024.jpg?strip=info&#038;w=1200&#038;ssl=1 1200w\" alt=\"rw\u00b2b live\" data-height=\"1800\" data-id=\"56\" data-link=\"https:\/\/coloquinte.org\/raoul\/?attachment_id=56\" data-url=\"https:\/\/coloquinte.org\/raoul\/wp-content\/uploads\/sites\/14\/2024\/04\/olive-1-683x1024.jpg\" data-width=\"1200\" src=\"https:\/\/i0.wp.com\/coloquinte.org\/raoul\/wp-content\/uploads\/sites\/14\/2024\/04\/olive-1-683x1024.jpg?ssl=1\" data-amp-layout=\"responsive\" tabindex=\"0\" role=\"button\" aria-label=\"Ouvrir l\u2019image 9 sur 10 en plein \u00e9cran\"\/><\/figure><\/div><div class=\"tiled-gallery__col\" style=\"flex-basis:69.13640%\"><figure class=\"tiled-gallery__item\"><img decoding=\"async\" srcset=\"https:\/\/i0.wp.com\/coloquinte.org\/raoul\/wp-content\/uploads\/sites\/14\/2025\/03\/20250228_Winterock_03-1024x684.jpg?strip=info&#038;w=600&#038;ssl=1 600w,https:\/\/i0.wp.com\/coloquinte.org\/raoul\/wp-content\/uploads\/sites\/14\/2025\/03\/20250228_Winterock_03-1024x684.jpg?strip=info&#038;w=900&#038;ssl=1 900w,https:\/\/i0.wp.com\/coloquinte.org\/raoul\/wp-content\/uploads\/sites\/14\/2025\/03\/20250228_Winterock_03-1024x684.jpg?strip=info&#038;w=1200&#038;ssl=1 1200w,https:\/\/i0.wp.com\/coloquinte.org\/raoul\/wp-content\/uploads\/sites\/14\/2025\/03\/20250228_Winterock_03-1024x684.jpg?strip=info&#038;w=1500&#038;ssl=1 1500w,https:\/\/i0.wp.com\/coloquinte.org\/raoul\/wp-content\/uploads\/sites\/14\/2025\/03\/20250228_Winterock_03-1024x684.jpg?strip=info&#038;w=1800&#038;ssl=1 1800w,https:\/\/i0.wp.com\/coloquinte.org\/raoul\/wp-content\/uploads\/sites\/14\/2025\/03\/20250228_Winterock_03-1024x684.jpg?strip=info&#038;w=2000&#038;ssl=1 2000w\" alt=\"rw\u00b2b live\" data-height=\"1367\" data-id=\"287\" data-link=\"https:\/\/coloquinte.org\/raoul\/infos-orgas\/20250228_winterock_03\/\" data-url=\"https:\/\/coloquinte.org\/raoul\/wp-content\/uploads\/sites\/14\/2025\/03\/20250228_Winterock_03-1024x684.jpg\" data-width=\"2048\" src=\"https:\/\/i0.wp.com\/coloquinte.org\/raoul\/wp-content\/uploads\/sites\/14\/2025\/03\/20250228_Winterock_03-1024x684.jpg?ssl=1\" data-amp-layout=\"responsive\" tabindex=\"0\" role=\"button\" aria-label=\"Ouvrir l\u2019image 10 sur 10 en plein \u00e9cran\"\/><\/figure><\/div><\/div><\/div><\/div><\/div>\n\n\n\n<p><\/p>\n","protected":false},"excerpt":{"rendered":"<p>Avant tout ! Il existe un fort d\u00e9s\u00e9quilibre paritaire sur sc\u00e8ne, alors avant de me programmer, essaie de faire jouer une femme, il y en a beaucoup de bien meilleures que moi. Quand la sc\u00e8ne sera compl\u00e8tement d\u00e9genr\u00e9e, ce texte n&rsquo;aura plus lieu d&rsquo;\u00eatre. Avant de me faire jouer, \u00e9coute mes chansons, je ne tiens [&hellip;]<\/p>\n","protected":false},"author":1,"featured_media":0,"parent":0,"menu_order":0,"comment_status":"closed","ping_status":"closed","template":"","meta":{"ngg_post_thumbnail":0,"footnotes":""},"class_list":["post-143","page","type-page","status-publish","hentry"],"jetpack_sharing_enabled":true,"_links":{"self":[{"href":"https:\/\/coloquinte.org\/raoul\/wp-json\/wp\/v2\/pages\/143","targetHints":{"allow":["GET"]}}],"collection":[{"href":"https:\/\/coloquinte.org\/raoul\/wp-json\/wp\/v2\/pages"}],"about":[{"href":"https:\/\/coloquinte.org\/raoul\/wp-json\/wp\/v2\/types\/page"}],"author":[{"embeddable":true,"href":"https:\/\/coloquinte.org\/raoul\/wp-json\/wp\/v2\/users\/1"}],"replies":[{"embeddable":true,"href":"https:\/\/coloquinte.org\/raoul\/wp-json\/wp\/v2\/comments?post=143"}],"version-history":[{"count":26,"href":"https:\/\/coloquinte.org\/raoul\/wp-json\/wp\/v2\/pages\/143\/revisions"}],"predecessor-version":[{"id":292,"href":"https:\/\/coloquinte.org\/raoul\/wp-json\/wp\/v2\/pages\/143\/revisions\/292"}],"wp:attachment":[{"href":"https:\/\/coloquinte.org\/raoul\/wp-json\/wp\/v2\/media?parent=143"}],"curies":[{"name":"wp","href":"https:\/\/api.w.org\/{rel}","templated":true}]}}